{"id":10670,"date":"2020-11-25T03:07:28","date_gmt":"2020-11-25T03:07:28","guid":{"rendered":"http:\/\/roadthemes.com\/demo\/boxstore\/?post_type=product&#038;p=10670\/"},"modified":"2020-12-28T13:06:39","modified_gmt":"2020-12-28T13:06:39","slug":"set-005","status":"publish","type":"product","link":"https:\/\/damianilux.md\/ro\/produs\/set-005\/","title":{"rendered":"Set 005"},"content":{"rendered":"<div class=\"woocommerce-product-details__short-description\">\n<p>Str\u0103luce\u0219te \u0219i fii irezistibil\u0103 cu seturile de bijuterii alc\u0103tuite din o pereche de cercei \u0219i un inel! \u00cen salonul de bijuterii \u201cDamiani Lux\u201d cu siguran\u021b\u0103 \u00ee\u021bi po\u021bi g\u0103si un set de bijuterii din aur sau argint care s\u0103 \u00ee\u021bi pun\u0103 \u00een eviden\u021b\u0103 tr\u0103s\u0103turile \u0219i s\u0103 \u00ee\u021bi complimenteze look-ul \u00eentr-o manier\u0103 ideal\u0103.<\/p>\n<\/div>\n","protected":false},"excerpt":{"rendered":"<div class=\"woocommerce-product-details__short-description\">\n<p>Str\u0103luce\u0219te \u0219i fii irezistibil\u0103 cu seturile de bijuterii alc\u0103tuite din o pereche de cercei \u0219i un inel! \u00cen salonul de bijuterii \u201cDamiani Lux\u201d cu siguran\u021b\u0103 \u00ee\u021bi po\u021bi g\u0103si un set de bijuterii din aur sau argint care s\u0103 \u00ee\u021bi pun\u0103 \u00een eviden\u021b\u0103 tr\u0103s\u0103turile \u0219i s\u0103 \u00ee\u021bi complimenteze look-ul \u00eentr-o manier\u0103 ideal\u0103.<\/p>\n<\/div>\n","protected":false},"featured_media":15080,"template":"","meta":[],"product_cat":[123],"product_tag":[],"class_list":{"0":"post-10670","1":"product","2":"type-product","3":"status-publish","4":"has-post-thumbnail","6":"product_cat-seturi","8":"first","9":"instock","10":"featured","11":"shipping-taxable","12":"product-type-simple"},"_links":{"self":[{"href":"https:\/\/damianilux.md\/ro\/wp-json\/wp\/v2\/product\/10670","targetHints":{"allow":["GET"]}}],"collection":[{"href":"https:\/\/damianilux.md\/ro\/wp-json\/wp\/v2\/product"}],"about":[{"href":"https:\/\/damianilux.md\/ro\/wp-json\/wp\/v2\/types\/product"}],"wp:featuredmedia":[{"embeddable":true,"href":"https:\/\/damianilux.md\/ro\/wp-json\/wp\/v2\/media\/15080"}],"wp:attachment":[{"href":"https:\/\/damianilux.md\/ro\/wp-json\/wp\/v2\/media?parent=10670"}],"wp:term":[{"taxonomy":"product_cat","embeddable":true,"href":"https:\/\/damianilux.md\/ro\/wp-json\/wp\/v2\/product_cat?post=10670"},{"taxonomy":"product_tag","embeddable":true,"href":"https:\/\/damianilux.md\/ro\/wp-json\/wp\/v2\/product_tag?post=10670"}],"curies":[{"name":"wp","href":"https:\/\/api.w.org\/{rel}","templated":true}]}}