{"id":10665,"date":"2020-11-25T02:57:17","date_gmt":"2020-11-25T02:57:17","guid":{"rendered":"http:\/\/roadthemes.com\/demo\/boxstore\/?post_type=product&#038;p=10665\/"},"modified":"2020-12-28T14:04:44","modified_gmt":"2020-12-28T14:04:44","slug":"set-004","status":"publish","type":"product","link":"https:\/\/damianilux.md\/ro\/produs\/set-004\/","title":{"rendered":"Set 004"},"content":{"rendered":"<p style=\"text-align: center;\">V\u0103 a\u0219tept\u0103m cu drag \u00een salonul nostru de bijuterii, unde pute\u021bi proba \u0219i alege din colec\u021biile noastre de bijuterii lucrate cu o fine\u021be deosebit\u0103 \u0219i s\u0103 v\u0103 bucura\u021bi de o deservire la cel mai \u00eenalt nivel.<\/p>\n<p style=\"text-align: center;\">\u0218tim exact ce v\u0103 trebuie, de aceasta, vizit\u00e2nd magazinul nostru cu siguran\u021b\u0103 ve\u021bi g\u0103si produsul de care ave\u021bi nevoie, care v\u0103 v-a pune \u00een valoare frumuse\u021bea \u0219i stilul, \u0219i totodat\u0103 v\u0103 ve\u021bi convinge de calitatea produselor noastre \u0219i ve\u021bi r\u0103m\u00eene satisf\u0103cu\u021bi de alegerea f\u0103cut\u0103. Avem produse importate, confec\u021bionate la uzine, dar paralel v\u0103 bucur\u0103m \u0219i cu un atelier de confec\u021bionare, realiz\u0103m orice vis, pentru noi nu exist\u0103 nimic imposibil.<br \/>\nGrija pentru detalii, perfec\u021bionarea \u0219i originalitatea crea\u021biilor sunt emblema noastr\u0103.<br \/>\nV\u0103 oferim bijuterii deosebite, veni\u021bi la noi \u0219i v\u0103 ve\u021bi convinge de aceasta!<\/p>\n<h5 style=\"text-align: center;\">0682 00 061<br \/>\nmun. Chi\u0219in\u0103u, str. \u0218tefan cel Mare 130<\/h5>\n","protected":false},"excerpt":{"rendered":"<div class=\"woocommerce-product-details__short-description\">\n<p>Str\u0103luce\u0219te \u0219i fii irezistibil\u0103 cu seturile de bijuterii alc\u0103tuite din o pereche de cercei \u0219i un inel! \u00cen salonul de bijuterii \u201cDamiani Lux\u201d cu siguran\u021b\u0103 \u00ee\u021bi po\u021bi g\u0103si un set de bijuterii din aur sau argint care s\u0103 \u00ee\u021bi pun\u0103 \u00een eviden\u021b\u0103 tr\u0103s\u0103turile \u0219i s\u0103 \u00ee\u021bi complimenteze look-ul \u00eentr-o manier\u0103 ideal\u0103.<\/p>\n<\/div>\n","protected":false},"featured_media":15079,"template":"","meta":[],"product_cat":[123],"product_tag":[],"class_list":{"0":"post-10665","1":"product","2":"type-product","3":"status-publish","4":"has-post-thumbnail","6":"product_cat-seturi","8":"first","9":"instock","10":"featured","11":"downloadable","12":"shipping-taxable","13":"product-type-simple"},"_links":{"self":[{"href":"https:\/\/damianilux.md\/ro\/wp-json\/wp\/v2\/product\/10665","targetHints":{"allow":["GET"]}}],"collection":[{"href":"https:\/\/damianilux.md\/ro\/wp-json\/wp\/v2\/product"}],"about":[{"href":"https:\/\/damianilux.md\/ro\/wp-json\/wp\/v2\/types\/product"}],"wp:featuredmedia":[{"embeddable":true,"href":"https:\/\/damianilux.md\/ro\/wp-json\/wp\/v2\/media\/15079"}],"wp:attachment":[{"href":"https:\/\/damianilux.md\/ro\/wp-json\/wp\/v2\/media?parent=10665"}],"wp:term":[{"taxonomy":"product_cat","embeddable":true,"href":"https:\/\/damianilux.md\/ro\/wp-json\/wp\/v2\/product_cat?post=10665"},{"taxonomy":"product_tag","embeddable":true,"href":"https:\/\/damianilux.md\/ro\/wp-json\/wp\/v2\/product_tag?post=10665"}],"curies":[{"name":"wp","href":"https:\/\/api.w.org\/{rel}","templated":true}]}}